{"id":877,"date":"2022-03-22T14:14:30","date_gmt":"2022-03-22T20:14:30","guid":{"rendered":"https:\/\/sociedadsilgef.org\/?page_id=877"},"modified":"2022-03-22T14:38:58","modified_gmt":"2022-03-22T20:38:58","slug":"privacidad","status":"publish","type":"page","link":"https:\/\/sociedadsilgef.org\/index.php\/privacidad\/","title":{"rendered":"Privacidad"},"content":{"rendered":"\t\t<div data-elementor-type=\"wp-page\" data-elementor-id=\"877\" class=\"elementor elementor-877\">\n\t\t\t\t\t\t<section class=\"elementor-section elementor-top-section elementor-element elementor-element-5ea32b2 elementor-section-boxed elementor-section-height-default elementor-section-height-default\" data-id=\"5ea32b2\" data-element_type=\"section\" data-e-type=\"section\">\n\t\t\t\t\t\t<div class=\"elementor-container elementor-column-gap-default\">\n\t\t\t\t\t<div class=\"elementor-column elementor-col-100 elementor-top-column elementor-element elementor-element-2b723d3\" data-id=\"2b723d3\" data-element_type=\"column\" data-e-type=\"column\">\n\t\t\t<div class=\"elementor-widget-wrap elementor-element-populated\">\n\t\t\t\t\t\t<div class=\"elementor-element elementor-element-0e90836 elementor-widget elementor-widget-heading\" data-id=\"0e90836\" data-element_type=\"widget\" data-e-type=\"widget\" data-widget_type=\"heading.default\">\n\t\t\t\t<div class=\"elementor-widget-container\">\n\t\t\t\t\t<h2 class=\"elementor-heading-title elementor-size-default\">Aviso de privacidad<\/h2>\t\t\t\t<\/div>\n\t\t\t\t<\/div>\n\t\t\t\t<div class=\"elementor-element elementor-element-ca4733b elementor-widget elementor-widget-text-editor\" data-id=\"ca4733b\" data-element_type=\"widget\" data-e-type=\"widget\" data-widget_type=\"text-editor.default\">\n\t\t\t\t<div class=\"elementor-widget-container\">\n\t\t\t\t\t\t\t\t\t<div data-canvas-width=\"897.9068012632944\"><p>En cumplimiento a los art\u00edculos 15 y 16 de la Ley Federal de Protecci\u00f3n de Datos Personales en Posesi\u00f3n de los Particulares (la \u201cLey\u201d), hacemos de su conocimiento que\u00a0<strong>Cursos Syb <\/strong>con domicilio en Federico T de la Chica 2, edificio Zurich, despacho 501-502, Cd. Sat\u00e9lite, 53100 Naucalpan de Ju\u00e1rez,\u00a0 Edo. Mex. M\u00e9xico, protege y salvaguarda sus datos personales que recaba de manera directa, por correo electr\u00f3nico o v\u00eda telef\u00f3nica, para evitar el da\u00f1o, p\u00e9rdida, destrucci\u00f3n, robo, extrav\u00edo, alteraci\u00f3n, as\u00ed como el tratamiento no autorizado de sus datos personales.<\/p><p>Los datos personales que usted proporcione ser\u00e1n utilizados de manera confidencial para los siguientes fines:<\/p><p><strong>CLIENTES.-<\/strong>\u00a0Realizar propuestas y cotizaciones sobre nuestros servicios, evaluar la calidad de los mismos, actividades de cr\u00e9dito, cobranza, facturaci\u00f3n y pagos, implementaci\u00f3n de campa\u00f1as promocionales de nuestros servicios, asesor\u00eda, consultor\u00eda, prestaci\u00f3n de servicios, informarle sobre cambios en los servicios, fines mercadol\u00f3gicos, publicitarios o de prospecci\u00f3n comercial, administraci\u00f3n del sitio web de\u00a0<a href=\"https:\/\/endoscopia-gdl.com.mx\/\">https:\/\/<\/a>cursossyb.com<\/p><p>Los datos personales que usted libre y con su consentimiento proporcione a <strong>Cursos Syb<\/strong>, para las finalidades antes mencionadas podr\u00e1n incluir de manera enunciativa m\u00e1s no limitativa, los siguientes:<\/p><p><strong>CLIENTES.-\u00a0<\/strong>Nombre o raz\u00f3n social, domicilio, tel\u00e9fono, correo electr\u00f3nico, registro federal de contribuyentes (RFC), n\u00famero de cuenta bancario o de tarjeta de cr\u00e9dito para realizar cargos previamente autorizados, as\u00ed mismo podremos recabar informaci\u00f3n relacionada con sus preferencias en el consumo de nuestros servicios.<\/p><p>Por otra parte, hacemos de su conocimiento que <strong>Cursos Syb <\/strong>podr\u00e1 contratar a uno o varios terceros, con quienes previamente hayamos celebrado contratos con cl\u00e1usulas de confidencialidad y de protecci\u00f3n de datos personales, como proveedores de servicios seleccionados para apoyar las actividades de promoci\u00f3n y comercializaci\u00f3n de nuestros servicios, as\u00ed como el manejo y administraci\u00f3n de los datos personales que se recaben a trav\u00e9s de este Portal y mediante llamadas por tel\u00e9fono, o por cualquier otro medio distinto, as\u00ed como para fines de verificaci\u00f3n de que la informaci\u00f3n que usted nos proporciona es correcta y actual, por lo que <strong>Cursos Syb<\/strong><strong>\u00a0<\/strong>podr\u00eda incluso transferir sus datos personales a dicho(s) tercero(s) sin un fin comercial, ni il\u00edcito, sino \u00fanicamente para cumplir con la prestaci\u00f3n de los servicios contratados.<\/p><p>En ning\u00fan caso comercializaremos, venderemos o rentaremos informaci\u00f3n personal sobre usted a un tercero sin un consentimiento previo de su parte. Cualquier transferencia de datos personales que <strong>Cursos Syb<\/strong> realice, ser\u00e1 \u00fanicamente para los fines permitidos por las leyes.<\/p><p>Se entiende que ha otorgado su consentimiento a la transferencia de sus datos personales, si no manifiesta oposici\u00f3n a que los mismos sean transferidos. Los datos personales que usted proporcione a <strong>Cursos Syb<\/strong>, podr\u00e1n compilarse y fijarse en una base de datos propiedad exclusiva de <strong>Cursos Syb<\/strong><strong>\u00a0<\/strong>Las ligas a sitios externos de este portal, no son responsabilidad de <strong>Cursos Syb<\/strong> por lo que no asumimos responsabilidad alguna con respecto al contenido y pol\u00edticas de privacidad en dichos sitios.<\/p><p><strong>Cursos Syb<\/strong> tiene implementadas medidas de seguridad administrativas, t\u00e9cnicas y f\u00edsicas para proteger sus datos personales, mismas que igualmente exigimos sean cumplidas por los proveedores de servicios que contratamos.<\/p><p>Toda la informaci\u00f3n agregada y datos personales que se obtengan de usted a trav\u00e9s del uso de nuestra p\u00e1gina web https:\/\/sociedadsilgef.org, constituir\u00e1 una base de datos propiedad de <strong>Cursos Syb<\/strong>, informaci\u00f3n que se almacena para protegerla y evitar su p\u00e9rdida, uso indebido, o alteraci\u00f3n. No obstante lo anterior, <strong>Cursos Syb<\/strong>\u00a0en ninguna forma garantiza su seguridad, ni que la misma pueda ser interceptada, alterada o sustra\u00edda por terceros.<\/p><p>Es importante informarle que usted como titular de datos personales, podr\u00e1 ejercitar los derechos ARCO (acceso, cancelaci\u00f3n, rectificaci\u00f3n y oposici\u00f3n al tratamiento de sus datos personales), o bien, revocar el consentimiento que usted haya otorgado a <strong>Cursos Syb<\/strong>, para el tratamiento de los mismos, enviando directamente su solicitud a trav\u00e9s de la cuenta de correo electr\u00f3nico: info@sociedadsilgef.org ,dicha solicitud deber\u00e1 contener por lo menos: (a) nombre y domicilio u otro medio para comunicarle la respuesta a su solicitud; (b) los documentos que acrediten su identidad o, en su caso, la representaci\u00f3n legal; (c) la descripci\u00f3n clara y precisa de los datos personales respecto de los que se solicita ejercer alguno de los derechos ARCO, (d) la manifestaci\u00f3n expresa para revocar su consentimiento al tratamiento de sus datos personales y por tanto, para que no se usen; (e) cualquier otro elemento que facilite la localizaci\u00f3n de los datos personales. Usted podr\u00e1 iniciar el procedimiento de protecci\u00f3n de derechos ARCO ante el Instituto Federal de Acceso a la Informaci\u00f3n y Protecci\u00f3n de Datos Personales (IFAI) dentro de los 15 d\u00edas siguientes a la fecha en que <strong>Cursos Syb<\/strong> de respuesta a su solicitud o, si transcurrido el t\u00e9rmino que se\u00f1ala la Ley, <strong>Cursos Syb<\/strong>\u00a0no diera respuesta a su solicitud.<\/p><p><strong>Cursos Syb<\/strong>, se reserva el derecho de cambiar este Aviso de Privacidad en cualquier momento. En caso de que exista alg\u00fan cambio en este Aviso de Privacidad, se le comunicar\u00e1 a trav\u00e9s de nuestro Portal.<\/p><p>Fecha \u00faltima de actualizaci\u00f3n: 21 de marzo de 2022.<\/p><\/div><div data-canvas-width=\"897.9068012632944\"><span style=\"font-size: 16px;\"><strong>Cursos Syb<\/strong> se compromete a proteger su privacidad y a asegurar que tenga una experiencia positiva en nuestro sitio web. En esta pol\u00edtica se especifica el sistema que sigue <strong>Cursos Syb<\/strong> para administrar la informaci\u00f3n personal tanto para los datos en l\u00ednea como para los datos fuera de l\u00ednea. Los datos personales que nos facilite los utilizaremos seg\u00fan lo estipulado en esta pol\u00edtica.<\/span><\/div><p align=\"justify\">Le recomendamos que lea esta pol\u00edtica de privacidad para asegurarse que comprende las pr\u00e1cticas de privacidad de <strong>Cursos Syb.<\/strong><\/p><p align=\"justify\">Esta pol\u00edtica cubre el sitio web de <strong>Cursos Syb<\/strong> y se aplica en todo el mundo. Le recomendamos que lea esta pol\u00edtica de privacidad y las de todos los sitios Web que visite.<\/p><p align=\"justify\"><strong>Recopilaci\u00f3n de la informaci\u00f3n personal<\/strong><\/p><p align=\"justify\">Cuando <strong>Cursos Syb<\/strong> recopila la informaci\u00f3n personal en nuestro sitio web corporativo, se informar\u00e1 de la necesidad de tener datos personales en el punto en que se recopilen. Algunos de los motivos por los que se recopila su informaci\u00f3n personal son:<\/p><p align=\"justify\">\u2022 Participaci\u00f3n en grupos de discusi\u00f3n<br \/>\u2022 Esfuerzos de colaboraci\u00f3n<br \/>\u2022 Inscripciones en programas de membres\u00edas o suscripciones a nuestro newsletter<br \/>\u2022 Otorga a los usuarios registrados una experiencia m\u00e1s personalizada y significativa del sitio web de <strong>Cursos Syb.<\/strong><\/p><p align=\"justify\"><strong>Usos de la informaci\u00f3n personal:<\/strong><\/p><p align=\"justify\">Utilizaremos sus datos personales seg\u00fan se especifique cuando se los recopile. No cambiaremos posteriormente la forma en la que se utilizar\u00e1 su informaci\u00f3n personal sin su consentimiento. Algunas de las formas en las que podemos utilizar su informaci\u00f3n personal son:<br \/>\u2022 Para proporcionar la capacidad de crear \u00e1reas de perfil personal y ver el contenido protegido.<br \/>\u2022 Para dar la capacidad de ponerse en contacto con usted y darle informaci\u00f3n de env\u00edo y de facturaci\u00f3n.<br \/>\u2022 Para dar retroalimentaci\u00f3n y asistencia a clientes.<br \/>\u2022 Para ofrecer concursos, rifas u otras actividades promocionales de mercadotecnia en el sitio Web de <strong>Cursos Syb<\/strong> o sus afiliados. La informaci\u00f3n personal se puede recopilar para administrar esos programas<br \/>\u2022 Para aplicar cuestionarios y encuestas a fin de ofrecer mejores productos y servicios a nuestros clientes y usuarios finales. El llenado de todos los cuestionarios es voluntario.<br \/>\u2022 Para saber m\u00e1s de usted, a fin de personalizar los boletines y sitios Web de acuerdo a sus preferencias. Por ejemplo, para darle la oportunidad de solicitar informaci\u00f3n espec\u00edfica sobre productos y servicios que puedan ser de inter\u00e9s.<br \/>\u2022 Para permitirle reenviar informaci\u00f3n a otros individuos como amigos o compa\u00f1eros de trabajo. <strong>Cursos Syb<\/strong> no guarda la informaci\u00f3n personal de los terceros. Recopilamos la informaci\u00f3n con el \u00fanico prop\u00f3sito de enviar un solo correo electr\u00f3nico. Si elige utilizar nuestro servicio de referencias para informar a un colega o amigo, solamente le pediremos un nombre de contacto y una direcci\u00f3n de correo electr\u00f3nico.<br \/>\u2022 Para cumplir obligaciones contractuales.<\/p><p align=\"justify\"><strong>Recopilaci\u00f3n de informaci\u00f3n no personal<\/strong><\/p><p align=\"justify\">En algunos casos, es posible que <strong>Cursos Syb<\/strong> recopile informaci\u00f3n no personal (general o demogr\u00e1fica) por medio de \u201ccookies\u201d, registros de web y se\u00f1alizaciones de web. Esta informaci\u00f3n se usa para comprender mejor y para mejorar la facilidad de uso, el rendimiento y la eficiencia el sitio web www.cursossyb.com<\/p><p align=\"justify\"><strong>C\u00f3mo se comparte la informaci\u00f3n personal<\/strong><\/p><p align=\"justify\">Nosotros no vendemos ni arrendamos su informaci\u00f3n personal a terceros para fines de mercadotecnia a menos que usted nos haya dado permiso de hacerlo.<\/p><p align=\"justify\">Podemos compartir su informaci\u00f3n personal dentro de <strong>Cursos Syb<\/strong> o de cualquiera de nuestras subsidiarias en el mundo para fines de procesamiento o almacenamiento de datos.<\/p><p align=\"justify\">Tambi\u00e9n podemos compartir su informaci\u00f3n personal con agentes o contratistas de terceros autorizados a fin de ofrecer un servicio o transacci\u00f3n solicitados. Por ejemplo, si tenemos que enviarle algo, tendremos que facilitar su nombre y direcci\u00f3n a la empresa de transporte. S\u00f3lo proporcionamos a terceras partes la m\u00ednima informaci\u00f3n personal necesaria para llevar a cabo la transacci\u00f3n o servicio solicitado.<\/p><p align=\"justify\">Es posible que demos respuesta a citaciones, \u00f3rdenes judiciales o a procesos legales divulgando su informaci\u00f3n personal y otra informaci\u00f3n relacionada, si es necesario. Tambi\u00e9n podr\u00edamos establecer o ejercitar nuestros derechos legales o defendernos de reclamos legales.<\/p><p align=\"justify\">Podr\u00edamos recopilar y posiblemente compartir informaci\u00f3n personal, y cualquier otra informaci\u00f3n adicional a nuestro alcance, para investigar, prevenir o tomar acci\u00f3n en relaci\u00f3n con actividades ilegales, sospecha de fraude, situaciones que involucren posibles amenazas a la seguridad f\u00edsica de cualquier persona, violaciones de los t\u00e9rminos de uso de Grupo Endoscopia, o cualquier otro requisito legal.<\/p><p align=\"justify\">Para cualquier otro motivo, le pediremos su consentimiento de aceptaci\u00f3n para compartir su informaci\u00f3n personal con un tercero.<\/p><p align=\"justify\"><strong>Personalizaci\u00f3n<\/strong><\/p><p align=\"justify\">Es posible que personalicemos sitios web o boletines para ciertos usuarios con base en la informaci\u00f3n que estos proporcionaron anteriormente o que fue recopilada por medio de los sitios web de <strong>Cursos Syb<\/strong> a fin de mejorar la experiencia general de web.<\/p><p align=\"justify\"><strong>Seguridad de la informaci\u00f3n personal<\/strong><\/p><p align=\"justify\"><strong>Cursos Syb<\/strong> est\u00e1 comprometido para proteger la informaci\u00f3n personal que comparta con nosotros. Utilizamos una combinaci\u00f3n de tecnolog\u00edas de seguridad, procedimientos y medidas organizacionales para ayudar a proteger su informaci\u00f3n personal de accesos, uso o divulgaci\u00f3n no autorizados.<\/p><p align=\"justify\">Cuando transferimos datos personales sensibles (por ejemplo, informaci\u00f3n de tarjetas de cr\u00e9dito) por medio de la Internet, los protegemos por medio de la tecnolog\u00eda de codificaci\u00f3n de Capa de conexi\u00f3n segura (SSL).<\/p><p align=\"justify\">Aunque nos esforzamos para proteger la informaci\u00f3n personal, no podemos asegurar la seguridad de la informaci\u00f3n que usted transmite.<\/p><p align=\"justify\">Le recomendamos que tome las precauciones para proteger su informaci\u00f3n personal cuando est\u00e1 en la Internet. Por ejemplo, cambie sus contrase\u00f1as frecuentemente, use una combinaci\u00f3n de letras y n\u00fameros cuando cree contrase\u00f1as y aseg\u00farese de utilizar un navegador seguro.<\/p><p align=\"justify\"><strong>Cookies<\/strong><\/p><p align=\"justify\">Los sitios web de <strong>Cursos Syb<\/strong> utilizan cookies, aunque usted a\u00fan puede acceder a la mayor\u00eda de ellos aun cuando elija deshabilitar las cookies en su navegador. Algunos sitios web no le permitir\u00e1n realizar ciertas actividades si est\u00e1n desactivadas las cookies. Si no acepta las cookies, la cesta de la compra asociada no funcionar\u00e1 y no podr\u00e1 hacer el pedido.<\/p><p align=\"justify\">Contratamos a otras empresas para controlar el tr\u00e1fico en web, las estad\u00edsticas, las visitas a publicidad y otras actividades en los sitios de <strong>Cursos Syb.<\/strong> Donde lo autoriza <strong>Cursos Syb,<\/strong> dichas empresas podr\u00edan utilizar cookies, archivos de registro de web de <strong>Cursos Syb,<\/strong> balizas de web y otras tecnolog\u00edas de control para compilar estad\u00edsticas agregadas an\u00f3nimas sobre los visitantes de el sitio web de <strong>Cursos Syb.<\/strong><\/p><p align=\"justify\">Tambi\u00e9n hemos incluido balizas de Internet en boletines de correo electr\u00f3nico con formato HTML para contar los boletines (o art\u00edculos, enlaces concretos, etc.) a los que se accede.<\/p><p align=\"justify\">Las versiones actuales de los navegadores web ofrecen controles de usuario mejorados relacionados con la colocaci\u00f3n y duraci\u00f3n de cookies de Grupo Endoscopia y otras empresas. Busque el t\u00e9rmino \u201ccookies\u201d en el men\u00fa de ayuda del navegador de web para obtener m\u00e1s informaci\u00f3n sobre las funciones de gesti\u00f3n de cookies disponibles.<\/p><p align=\"justify\"><strong>Mantenimiento de datos<\/strong><\/p><p align=\"justify\"><strong>Cursos Syb<\/strong> no retendr\u00e1 su informaci\u00f3n personal m\u00e1s de lo que sea necesario para cubrir los prop\u00f3sitos para los que fue recopilada o seg\u00fan lo requerido por las leyes o reglamentos que correspondan.<\/p><p align=\"justify\"><strong>Sitios web a los que se vincula<\/strong><\/p><p align=\"justify\">Es posible que nuestros sitios web contengan v\u00ednculos a sitios web de terceros que est\u00e1n fuera de nuestro control y que no est\u00e1n cubiertos por esta pol\u00edtica. Le recomendamos que revise las pol\u00edticas de privacidad incluidas en estos sitios (y en todos).<\/p><p align=\"justify\"><strong>Grupos de noticias\/Foros<\/strong><\/p><p align=\"justify\">Los foros y grupos de noticias de Grupo Endoscopia son p\u00fablicos. Tenga esto en cuenta antes de publicar material en ellos.<\/p><p align=\"justify\"><strong>Transferencia de la informaci\u00f3n personal<\/strong><\/p><p align=\"justify\">Es posible que transfiramos su informaci\u00f3n personal a <strong>Cursos Syb<\/strong> en los EE.UU., a cualquier subsidiaria de <strong>Cursos Syb<\/strong> en el mundo o a terceros que act\u00faen en representaci\u00f3n nuestra para fines de procesamiento o almacenamiento.<\/p>\t\t\t\t\t\t\t\t<\/div>\n\t\t\t\t<\/div>\n\t\t\t\t\t<\/div>\n\t\t<\/div>\n\t\t\t\t\t<\/div>\n\t\t<\/section>\n\t\t\t\t<\/div>\n\t\t","protected":false},"excerpt":{"rendered":"<p>Aviso de privacidad En cumplimiento a los art\u00edculos 15 y 16 de la Ley Federal de Protecci\u00f3n de Datos Personales en Posesi\u00f3n de los Particulares (la \u201cLey\u201d), hacemos de su conocimiento que\u00a0Cursos Syb con domicilio en Federico T de la Chica 2, edificio Zurich, despacho 501-502, Cd. Sat\u00e9lite, 53100 Naucalpan de Ju\u00e1rez,\u00a0 Edo. Mex. M\u00e9xico, [&hellip;]<\/p>\n","protected":false},"author":1,"featured_media":0,"parent":0,"menu_order":0,"comment_status":"closed","ping_status":"closed","template":"","meta":{"site-sidebar-layout":"no-sidebar","site-content-layout":"page-builder","ast-site-content-layout":"default","site-content-style":"default","site-sidebar-style":"default","ast-global-header-display":"","ast-banner-title-visibility":"","ast-main-header-display":"","ast-hfb-above-header-display":"","ast-hfb-below-header-display":"","ast-hfb-mobile-header-display":"","site-post-title":"disabled","ast-breadcrumbs-content":"","ast-featured-img":"disabled","footer-sml-layout":"","ast-disable-related-posts":"","theme-transparent-header-meta":"","adv-header-id-meta":"","stick-header-meta":"","header-above-stick-meta":"","header-main-stick-meta":"","header-below-stick-meta":"","astra-migrate-meta-layouts":"default","ast-page-background-enabled":"default","ast-page-background-meta":{"desktop":{"background-color":"","background-image":"","background-repeat":"repeat","background-position":"center center","background-size":"auto","background-attachment":"scroll","background-type":"","background-media":"","overlay-type":"","overlay-color":"","overlay-opacity":"","overlay-gradient":""},"tablet":{"background-color":"","background-image":"","background-repeat":"repeat","background-position":"center center","background-size":"auto","background-attachment":"scroll","background-type":"","background-media":"","overlay-type":"","overlay-color":"","overlay-opacity":"","overlay-gradient":""},"mobile":{"background-color":"","background-image":"","background-repeat":"repeat","background-position":"center center","background-size":"auto","background-attachment":"scroll","background-type":"","background-media":"","overlay-type":"","overlay-color":"","overlay-opacity":"","overlay-gradient":""}},"ast-content-background-meta":{"desktop":{"background-color":"var(--ast-global-color-5)","background-image":"","background-repeat":"repeat","background-position":"center center","background-size":"auto","background-attachment":"scroll","background-type":"","background-media":"","overlay-type":"","overlay-color":"","overlay-opacity":"","overlay-gradient":""},"tablet":{"background-color":"var(--ast-global-color-5)","background-image":"","background-repeat":"repeat","background-position":"center center","background-size":"auto","background-attachment":"scroll","background-type":"","background-media":"","overlay-type":"","overlay-color":"","overlay-opacity":"","overlay-gradient":""},"mobile":{"background-color":"var(--ast-global-color-5)","background-image":"","background-repeat":"repeat","background-position":"center center","background-size":"auto","background-attachment":"scroll","background-type":"","background-media":"","overlay-type":"","overlay-color":"","overlay-opacity":"","overlay-gradient":""}},"_joinchat":[],"footnotes":""},"class_list":["post-877","page","type-page","status-publish","hentry"],"_links":{"self":[{"href":"https:\/\/sociedadsilgef.org\/index.php\/wp-json\/wp\/v2\/pages\/877","targetHints":{"allow":["GET"]}}],"collection":[{"href":"https:\/\/sociedadsilgef.org\/index.php\/wp-json\/wp\/v2\/pages"}],"about":[{"href":"https:\/\/sociedadsilgef.org\/index.php\/wp-json\/wp\/v2\/types\/page"}],"author":[{"embeddable":true,"href":"https:\/\/sociedadsilgef.org\/index.php\/wp-json\/wp\/v2\/users\/1"}],"replies":[{"embeddable":true,"href":"https:\/\/sociedadsilgef.org\/index.php\/wp-json\/wp\/v2\/comments?post=877"}],"version-history":[{"count":7,"href":"https:\/\/sociedadsilgef.org\/index.php\/wp-json\/wp\/v2\/pages\/877\/revisions"}],"predecessor-version":[{"id":886,"href":"https:\/\/sociedadsilgef.org\/index.php\/wp-json\/wp\/v2\/pages\/877\/revisions\/886"}],"wp:attachment":[{"href":"https:\/\/sociedadsilgef.org\/index.php\/wp-json\/wp\/v2\/media?parent=877"}],"curies":[{"name":"wp","href":"https:\/\/api.w.org\/{rel}","templated":true}]}}