{"id":2380,"date":"2024-07-22T22:47:32","date_gmt":"2024-07-23T03:47:32","guid":{"rendered":"https:\/\/sociedadsilgef.org\/?post_type=product&#038;p=2380"},"modified":"2024-07-22T22:48:08","modified_gmt":"2024-07-23T03:48:08","slug":"armonizacion-vulvar-ed-04","status":"publish","type":"product","link":"https:\/\/sociedadsilgef.org\/index.php\/producto\/armonizacion-vulvar-ed-04\/","title":{"rendered":"Armonizaci\u00f3n vulvar&#8230; ED. 04"},"content":{"rendered":"<p>Curso presencial , 2 d\u00edas de pr\u00e1ctica con paciente, aplicaci\u00f3n de diferentes procedimientos quir\u00fargicos con l\u00e1ser y tecnolog\u00edas emergentes.<\/p>\n<p>Opci\u00f3n de presentar el examen de cerficaci\u00f3n ABLS.<\/p>\n","protected":false},"excerpt":{"rendered":"<p>Curso presencial , 2 d\u00edas de pr\u00e1ctica con paciente, aplicaci\u00f3n de diferentes procedimientos quir\u00fargicos con l\u00e1ser y tecnolog\u00edas emergentes.<\/p>\n","protected":false},"featured_media":2372,"template":"","meta":{"site-sidebar-layout":"default","site-content-layout":"default","ast-site-content-layout":"default","site-content-style":"default","site-sidebar-style":"default","ast-global-header-display":"","ast-banner-title-visibility":"","ast-main-header-display":"","ast-hfb-above-header-display":"","ast-hfb-below-header-display":"","ast-hfb-mobile-header-display":"","site-post-title":"","ast-breadcrumbs-content":"","ast-featured-img":"","footer-sml-layout":"","ast-disable-related-posts":"","theme-transparent-header-meta":"default","adv-header-id-meta":"","stick-header-meta":"","header-above-stick-meta":"","header-main-stick-meta":"","header-below-stick-meta":"","astra-migrate-meta-layouts":"set","ast-page-background-enabled":"default","ast-page-background-meta":{"desktop":{"background-color":"","background-image":"","background-repeat":"repeat","background-position":"center center","background-size":"auto","background-attachment":"scroll","background-type":"","background-media":"","overlay-type":"","overlay-color":"","overlay-opacity":"","overlay-gradient":""},"tablet":{"background-color":"","background-image":"","background-repeat":"repeat","background-position":"center center","background-size":"auto","background-attachment":"scroll","background-type":"","background-media":"","overlay-type":"","overlay-color":"","overlay-opacity":"","overlay-gradient":""},"mobile":{"background-color":"","background-image":"","background-repeat":"repeat","background-position":"center center","background-size":"auto","background-attachment":"scroll","background-type":"","background-media":"","overlay-type":"","overlay-color":"","overlay-opacity":"","overlay-gradient":""}},"ast-content-background-meta":{"desktop":{"background-color":"var(--ast-global-color-5)","background-image":"","background-repeat":"repeat","background-position":"center center","background-size":"auto","background-attachment":"scroll","background-type":"","background-media":"","overlay-type":"","overlay-color":"","overlay-opacity":"","overlay-gradient":""},"tablet":{"background-color":"var(--ast-global-color-5)","background-image":"","background-repeat":"repeat","background-position":"center center","background-size":"auto","background-attachment":"scroll","background-type":"","background-media":"","overlay-type":"","overlay-color":"","overlay-opacity":"","overlay-gradient":""},"mobile":{"background-color":"var(--ast-global-color-5)","background-image":"","background-repeat":"repeat","background-position":"center center","background-size":"auto","background-attachment":"scroll","background-type":"","background-media":"","overlay-type":"","overlay-color":"","overlay-opacity":"","overlay-gradient":""}},"_joinchat":[]},"product_brand":[],"product_cat":[29],"product_tag":[27,26,25,24,28],"class_list":{"0":"post-2380","1":"product","2":"type-product","3":"status-publish","4":"has-post-thumbnail","6":"product_cat-curso-con-paciente","7":"product_tag-blanqueamiento","8":"product_tag-co2","9":"product_tag-hifu","10":"product_tag-laser","11":"product_tag-rejuvenecimiento-vaginal","12":"desktop-align-left","13":"tablet-align-left","14":"mobile-align-left","16":"first","17":"instock","18":"virtual","19":"purchasable","20":"product-type-simple"},"_links":{"self":[{"href":"https:\/\/sociedadsilgef.org\/index.php\/wp-json\/wp\/v2\/product\/2380","targetHints":{"allow":["GET"]}}],"collection":[{"href":"https:\/\/sociedadsilgef.org\/index.php\/wp-json\/wp\/v2\/product"}],"about":[{"href":"https:\/\/sociedadsilgef.org\/index.php\/wp-json\/wp\/v2\/types\/product"}],"wp:featuredmedia":[{"embeddable":true,"href":"https:\/\/sociedadsilgef.org\/index.php\/wp-json\/wp\/v2\/media\/2372"}],"wp:attachment":[{"href":"https:\/\/sociedadsilgef.org\/index.php\/wp-json\/wp\/v2\/media?parent=2380"}],"wp:term":[{"taxonomy":"product_brand","embeddable":true,"href":"https:\/\/sociedadsilgef.org\/index.php\/wp-json\/wp\/v2\/product_brand?post=2380"},{"taxonomy":"product_cat","embeddable":true,"href":"https:\/\/sociedadsilgef.org\/index.php\/wp-json\/wp\/v2\/product_cat?post=2380"},{"taxonomy":"product_tag","embeddable":true,"href":"https:\/\/sociedadsilgef.org\/index.php\/wp-json\/wp\/v2\/product_tag?post=2380"}],"curies":[{"name":"wp","href":"https:\/\/api.w.org\/{rel}","templated":true}]}}